{"id":9381,"date":"2022-10-30T19:02:55","date_gmt":"2022-10-30T22:02:55","guid":{"rendered":"https:\/\/jyscia.cl\/?page_id=9381"},"modified":"2022-10-31T19:46:21","modified_gmt":"2022-10-31T22:46:21","slug":"alianzas-estrategicas","status":"publish","type":"page","link":"https:\/\/jyscia.cl\/cn\/alianzas-estrategicas\/","title":{"rendered":"\u6218\u7565\u8054\u76df"},"content":{"rendered":"<div data-elementor-type=\"wp-page\" data-elementor-id=\"9381\" class=\"elementor elementor-9381\">\n\t\t\t\t\t\t<section class=\"elementor-section elementor-top-section elementor-element elementor-element-1ac373e elementor-section-content-middle elementor-section-boxed elementor-section-height-default elementor-section-height-default wd-section-disabled\" data-id=\"1ac373e\" data-element_type=\"section\" data-e-type=\"section\">\n\t\t\t\t\t\t<div class=\"elementor-container elementor-column-gap-default\">\n\t\t\t\t\t<div class=\"elementor-column elementor-col-100 elementor-top-column elementor-element elementor-element-e18d114\" data-id=\"e18d114\" data-element_type=\"column\" data-e-type=\"column\">\n\t\t\t<div class=\"elementor-widget-wrap elementor-element-populated\">\n\t\t\t\t\t\t<div class=\"elementor-element elementor-element-57ebc15 elementor-widget elementor-widget-heading\" data-id=\"57ebc15\" data-element_type=\"widget\" data-e-type=\"widget\" data-widget_type=\"heading.default\">\n\t\t\t\t<div class=\"elementor-widget-container\">\n\t\t\t\t\t<h2 class=\"elementor-heading-title elementor-size-default\">\u6218\u7565\u8054\u76df<\/h2>\t\t\t\t<\/div>\n\t\t\t\t<\/div>\n\t\t\t\t\t<\/div>\n\t\t<\/div>\n\t\t\t\t\t<\/div>\n\t\t<\/section>\n\t\t\t\t<section class=\"elementor-section elementor-top-section elementor-element elementor-element-551ba1a elementor-hidden-mobile elementor-section-boxed elementor-section-height-default elementor-section-height-default wd-section-disabled\" data-id=\"551ba1a\" data-element_type=\"section\" data-e-type=\"section\">\n\t\t\t\t\t\t<div class=\"elementor-container elementor-column-gap-default\">\n\t\t\t\t\t<div class=\"elementor-column elementor-col-33 elementor-top-column elementor-element elementor-element-0d46842\" data-id=\"0d46842\" data-element_type=\"column\" data-e-type=\"column\">\n\t\t\t<div class=\"elementor-widget-wrap elementor-element-populated\">\n\t\t\t\t\t\t<div class=\"elementor-element elementor-element-8fe93e9 elementor-widget elementor-widget-image\" data-id=\"8fe93e9\" data-element_type=\"widget\" data-e-type=\"widget\" data-widget_type=\"image.default\">\n\t\t\t\t<div class=\"elementor-widget-container\">\n\t\t\t\t\t\t\t\t\t\t\t\t\t\t\t\t<a href=\"https:\/\/www.bufetecandanedo.com\/%20\" target=\"_blank\">\n\t\t\t\t\t\t\t<img fetchpriority=\"high\" decoding=\"async\" width=\"1024\" height=\"230\" src=\"https:\/\/jyscia.cl\/wp-content\/uploads\/2022\/10\/bc_logo-1024x230.jpeg\" class=\"attachment-large size-large wp-image-9382\" alt=\"\" srcset=\"https:\/\/jyscia.cl\/wp-content\/uploads\/2022\/10\/bc_logo-1024x230.jpeg 1024w, https:\/\/jyscia.cl\/wp-content\/uploads\/2022\/10\/bc_logo-300x68.jpeg 300w, https:\/\/jyscia.cl\/wp-content\/uploads\/2022\/10\/bc_logo-768x173.jpeg 768w, https:\/\/jyscia.cl\/wp-content\/uploads\/2022\/10\/bc_logo-1200x270.jpeg 1200w, https:\/\/jyscia.cl\/wp-content\/uploads\/2022\/10\/bc_logo.jpeg 1280w\" sizes=\"(max-width: 1024px) 100vw, 1024px\" \/>\t\t\t\t\t\t\t\t<\/a>\n\t\t\t\t\t\t\t\t\t\t\t\t\t\t\t<\/div>\n\t\t\t\t<\/div>\n\t\t\t\t\t<\/div>\n\t\t<\/div>\n\t\t\t\t<div class=\"elementor-column elementor-col-33 elementor-top-column elementor-element elementor-element-6f90506\" data-id=\"6f90506\" data-element_type=\"column\" data-e-type=\"column\">\n\t\t\t<div class=\"elementor-widget-wrap elementor-element-populated\">\n\t\t\t\t\t\t<div class=\"elementor-element elementor-element-cf83ec1 elementor-widget elementor-widget-image\" data-id=\"cf83ec1\" data-element_type=\"widget\" data-e-type=\"widget\" data-widget_type=\"image.default\">\n\t\t\t\t<div class=\"elementor-widget-container\">\n\t\t\t\t\t\t\t\t\t\t\t\t\t\t\t\t<a href=\"https:\/\/summa-consultores.com\/%20\" target=\"_blank\">\n\t\t\t\t\t\t\t<img decoding=\"async\" width=\"479\" height=\"173\" src=\"https:\/\/jyscia.cl\/wp-content\/uploads\/2022\/10\/logo.png\" class=\"attachment-large size-large wp-image-9383\" alt=\"\" srcset=\"https:\/\/jyscia.cl\/wp-content\/uploads\/2022\/10\/logo.png 479w, https:\/\/jyscia.cl\/wp-content\/uploads\/2022\/10\/logo-300x108.png 300w\" sizes=\"(max-width: 479px) 100vw, 479px\" \/>\t\t\t\t\t\t\t\t<\/a>\n\t\t\t\t\t\t\t\t\t\t\t\t\t\t\t<\/div>\n\t\t\t\t<\/div>\n\t\t\t\t\t<\/div>\n\t\t<\/div>\n\t\t\t\t<div class=\"elementor-column elementor-col-33 elementor-top-column elementor-element elementor-element-adb4099\" data-id=\"adb4099\" data-element_type=\"column\" data-e-type=\"column\">\n\t\t\t<div class=\"elementor-widget-wrap elementor-element-populated\">\n\t\t\t\t\t\t<div class=\"elementor-element elementor-element-18fd2a7 elementor-widget elementor-widget-image\" data-id=\"18fd2a7\" data-element_type=\"widget\" data-e-type=\"widget\" data-widget_type=\"image.default\">\n\t\t\t\t<div class=\"elementor-widget-container\">\n\t\t\t\t\t\t\t\t\t\t\t\t\t\t\t\t<a href=\"https:\/\/centroiberoamericanodearbitraje.org\/es\/inicio\/%20\" target=\"_blank\">\n\t\t\t\t\t\t\t<img decoding=\"async\" width=\"185\" height=\"91\" src=\"https:\/\/jyscia.cl\/wp-content\/uploads\/2022\/10\/logo_1c540ac7cbad111179115bf5dfa54f4b_1x.png\" class=\"attachment-large size-large wp-image-9389\" alt=\"\" \/>\t\t\t\t\t\t\t\t<\/a>\n\t\t\t\t\t\t\t\t\t\t\t\t\t\t\t<\/div>\n\t\t\t\t<\/div>\n\t\t\t\t\t<\/div>\n\t\t<\/div>\n\t\t\t\t\t<\/div>\n\t\t<\/section>\n\t\t\t\t<section class=\"elementor-section elementor-top-section elementor-element elementor-element-408ef07 elementor-hidden-mobile elementor-section-boxed elementor-section-height-default elementor-section-height-default wd-section-disabled\" data-id=\"408ef07\" data-element_type=\"section\" data-e-type=\"section\">\n\t\t\t\t\t\t<div class=\"elementor-container elementor-column-gap-default\">\n\t\t\t\t\t<div class=\"elementor-column elementor-col-33 elementor-top-column elementor-element elementor-element-1ef9a71\" data-id=\"1ef9a71\" data-element_type=\"column\" data-e-type=\"column\">\n\t\t\t<div class=\"elementor-widget-wrap elementor-element-populated\">\n\t\t\t\t\t\t<div class=\"elementor-element elementor-element-53981e0 elementor-widget elementor-widget-heading\" data-id=\"53981e0\" data-element_type=\"widget\" data-e-type=\"widget\" data-widget_type=\"heading.default\">\n\t\t\t\t<div class=\"elementor-widget-container\">\n\t\t\t\t\t<h2 class=\"elementor-heading-title elementor-size-default\">Panam\u00e1: Bufete Candanedo<\/h2>\t\t\t\t<\/div>\n\t\t\t\t<\/div>\n\t\t\t\t\t<\/div>\n\t\t<\/div>\n\t\t\t\t<div class=\"elementor-column elementor-col-33 elementor-top-column elementor-element elementor-element-55c2641\" data-id=\"55c2641\" data-element_type=\"column\" data-e-type=\"column\">\n\t\t\t<div class=\"elementor-widget-wrap elementor-element-populated\">\n\t\t\t\t\t\t<div class=\"elementor-element elementor-element-d916510 elementor-widget elementor-widget-heading\" data-id=\"d916510\" data-element_type=\"widget\" data-e-type=\"widget\" data-widget_type=\"heading.default\">\n\t\t\t\t<div class=\"elementor-widget-container\">\n\t\t\t\t\t<h2 class=\"elementor-heading-title elementor-size-default\">Colombia y Espa\u00f1a: SUMMA Consultores<\/h2>\t\t\t\t<\/div>\n\t\t\t\t<\/div>\n\t\t\t\t\t<\/div>\n\t\t<\/div>\n\t\t\t\t<div class=\"elementor-column elementor-col-33 elementor-top-column elementor-element elementor-element-79177c6\" data-id=\"79177c6\" data-element_type=\"column\" data-e-type=\"column\">\n\t\t\t<div class=\"elementor-widget-wrap elementor-element-populated\">\n\t\t\t\t\t\t<div class=\"elementor-element elementor-element-a199a23 elementor-widget elementor-widget-heading\" data-id=\"a199a23\" data-element_type=\"widget\" data-e-type=\"widget\" data-widget_type=\"heading.default\">\n\t\t\t\t<div class=\"elementor-widget-container\">\n\t\t\t\t\t<h2 class=\"elementor-heading-title elementor-size-default\">CIAR<\/h2>\t\t\t\t<\/div>\n\t\t\t\t<\/div>\n\t\t\t\t\t<\/div>\n\t\t<\/div>\n\t\t\t\t\t<\/div>\n\t\t<\/section>\n\t\t\t\t<section class=\"elementor-section elementor-top-section elementor-element elementor-element-5c5cda9 elementor-hidden-desktop elementor-hidden-tablet elementor-section-boxed elementor-section-height-default elementor-section-height-default wd-section-disabled\" data-id=\"5c5cda9\" data-element_type=\"section\" data-e-type=\"section\">\n\t\t\t\t\t\t<div class=\"elementor-container elementor-column-gap-default\">\n\t\t\t\t\t<div class=\"elementor-column elementor-col-33 elementor-top-column elementor-element elementor-element-664b2c1\" data-id=\"664b2c1\" data-element_type=\"column\" data-e-type=\"column\">\n\t\t\t<div class=\"elementor-widget-wrap elementor-element-populated\">\n\t\t\t\t\t\t<div class=\"elementor-element elementor-element-4fd37ae elementor-widget elementor-widget-image\" data-id=\"4fd37ae\" data-element_type=\"widget\" data-e-type=\"widget\" data-widget_type=\"image.default\">\n\t\t\t\t<div class=\"elementor-widget-container\">\n\t\t\t\t\t\t\t\t\t\t\t\t\t\t\t\t<a href=\"https:\/\/www.bufetecandanedo.com\/%20\" target=\"_blank\">\n\t\t\t\t\t\t\t<img decoding=\"async\" src=\"https:\/\/jyscia.cl\/wp-content\/uploads\/elementor\/thumbs\/bc_logo-pwzt7hn8qfon6yp5rmvw7jao9mc2oojc2ahg7gb0ym.jpeg\" title=\"bc_logo\" alt=\"bc_logo\" loading=\"lazy\" \/>\t\t\t\t\t\t\t\t<\/a>\n\t\t\t\t\t\t\t\t\t\t\t\t\t\t\t<\/div>\n\t\t\t\t<\/div>\n\t\t\t\t\t<\/div>\n\t\t<\/div>\n\t\t\t\t<div class=\"elementor-column elementor-col-33 elementor-top-column elementor-element elementor-element-c3dc01d\" data-id=\"c3dc01d\" data-element_type=\"column\" data-e-type=\"column\">\n\t\t\t<div class=\"elementor-widget-wrap elementor-element-populated\">\n\t\t\t\t\t\t<div class=\"elementor-element elementor-element-d536f6f elementor-widget elementor-widget-heading\" data-id=\"d536f6f\" data-element_type=\"widget\" data-e-type=\"widget\" data-widget_type=\"heading.default\">\n\t\t\t\t<div class=\"elementor-widget-container\">\n\t\t\t\t\t<h2 class=\"elementor-heading-title elementor-size-default\">Panam\u00e1: Bufete Candanedo<\/h2>\t\t\t\t<\/div>\n\t\t\t\t<\/div>\n\t\t\t\t<div class=\"elementor-element elementor-element-5fcceda elementor-widget elementor-widget-image\" data-id=\"5fcceda\" data-element_type=\"widget\" data-e-type=\"widget\" data-widget_type=\"image.default\">\n\t\t\t\t<div class=\"elementor-widget-container\">\n\t\t\t\t\t\t\t\t\t\t\t\t\t\t\t\t<a href=\"https:\/\/summa-consultores.com\/%20\" target=\"_blank\">\n\t\t\t\t\t\t\t<img decoding=\"async\" src=\"https:\/\/jyscia.cl\/wp-content\/uploads\/elementor\/thumbs\/logo-pwzta0tjxidlbq79we3zufa18i391gcrgio7mull8w.png\" title=\"logo\" alt=\"logo\" loading=\"lazy\" \/>\t\t\t\t\t\t\t\t<\/a>\n\t\t\t\t\t\t\t\t\t\t\t\t\t\t\t<\/div>\n\t\t\t\t<\/div>\n\t\t\t\t<div class=\"elementor-element elementor-element-e07b290 elementor-widget elementor-widget-heading\" data-id=\"e07b290\" data-element_type=\"widget\" data-e-type=\"widget\" data-widget_type=\"heading.default\">\n\t\t\t\t<div class=\"elementor-widget-container\">\n\t\t\t\t\t<h2 class=\"elementor-heading-title elementor-size-default\">Colombia y Espa\u00f1a: SUMMA Consultores<\/h2>\t\t\t\t<\/div>\n\t\t\t\t<\/div>\n\t\t\t\t\t<\/div>\n\t\t<\/div>\n\t\t\t\t<div class=\"elementor-column elementor-col-33 elementor-top-column elementor-element elementor-element-4b74f7a\" data-id=\"4b74f7a\" data-element_type=\"column\" data-e-type=\"column\">\n\t\t\t<div class=\"elementor-widget-wrap elementor-element-populated\">\n\t\t\t\t\t\t<div class=\"elementor-element elementor-element-081e1a3 elementor-widget elementor-widget-image\" data-id=\"081e1a3\" data-element_type=\"widget\" data-e-type=\"widget\" data-widget_type=\"image.default\">\n\t\t\t\t<div class=\"elementor-widget-container\">\n\t\t\t\t\t\t\t\t\t\t\t\t\t\t\t\t<a href=\"https:\/\/centroiberoamericanodearbitraje.org\/es\/inicio\/%20\" target=\"_blank\">\n\t\t\t\t\t\t\t<img decoding=\"async\" width=\"185\" height=\"91\" src=\"https:\/\/jyscia.cl\/wp-content\/uploads\/2022\/10\/logo_1c540ac7cbad111179115bf5dfa54f4b_1x.png\" class=\"attachment-large size-large wp-image-9389\" alt=\"\" \/>\t\t\t\t\t\t\t\t<\/a>\n\t\t\t\t\t\t\t\t\t\t\t\t\t\t\t<\/div>\n\t\t\t\t<\/div>\n\t\t\t\t<div class=\"elementor-element elementor-element-95abf51 elementor-widget elementor-widget-heading\" data-id=\"95abf51\" data-element_type=\"widget\" data-e-type=\"widget\" data-widget_type=\"heading.default\">\n\t\t\t\t<div class=\"elementor-widget-container\">\n\t\t\t\t\t<h2 class=\"elementor-heading-title elementor-size-default\">CIAR<\/h2>\t\t\t\t<\/div>\n\t\t\t\t<\/div>\n\t\t\t\t\t<\/div>\n\t\t<\/div>\n\t\t\t\t\t<\/div>\n\t\t<\/section>\n\t\t\t\t<\/div>","protected":false},"excerpt":{"rendered":"<p>ALIANZAS ESTRAT\u00c9GICAS Panam\u00e1: Bufete Candanedo Colombia y Espa\u00f1a: SUMMA Consultores CIAR Panam\u00e1: Bufete Candanedo Colombia y Espa\u00f1a: SUMMA Consultores CIAR<\/p>","protected":false},"author":1,"featured_media":0,"parent":0,"menu_order":0,"comment_status":"closed","ping_status":"closed","template":"","meta":{"footnotes":""},"class_list":["post-9381","page","type-page","status-publish","hentry"],"_links":{"self":[{"href":"https:\/\/jyscia.cl\/cn\/wp-json\/wp\/v2\/pages\/9381","targetHints":{"allow":["GET"]}}],"collection":[{"href":"https:\/\/jyscia.cl\/cn\/wp-json\/wp\/v2\/pages"}],"about":[{"href":"https:\/\/jyscia.cl\/cn\/wp-json\/wp\/v2\/types\/page"}],"author":[{"embeddable":true,"href":"https:\/\/jyscia.cl\/cn\/wp-json\/wp\/v2\/users\/1"}],"replies":[{"embeddable":true,"href":"https:\/\/jyscia.cl\/cn\/wp-json\/wp\/v2\/comments?post=9381"}],"version-history":[{"count":34,"href":"https:\/\/jyscia.cl\/cn\/wp-json\/wp\/v2\/pages\/9381\/revisions"}],"predecessor-version":[{"id":9477,"href":"https:\/\/jyscia.cl\/cn\/wp-json\/wp\/v2\/pages\/9381\/revisions\/9477"}],"wp:attachment":[{"href":"https:\/\/jyscia.cl\/cn\/wp-json\/wp\/v2\/media?parent=9381"}],"curies":[{"name":"wp","href":"https:\/\/api.w.org\/{rel}","templated":true}]}}